{"id":2476,"date":"2022-10-25T14:25:19","date_gmt":"2022-10-25T14:25:19","guid":{"rendered":"https:\/\/sunshinehome.patryk.in\/uslugi\/remonty\/"},"modified":"2023-11-09T10:17:25","modified_gmt":"2023-11-09T10:17:25","slug":"remodelacion","status":"publish","type":"page","link":"https:\/\/sunshinehome.pl\/es\/servicios\/remodelacion\/","title":{"rendered":"Remodelaci\u00f3n"},"content":{"rendered":"<p><div class=\"fusion-fullwidth fullwidth-box fusion-builder-row-1 fusion-flex-container has-pattern-background has-mask-background fusion-parallax-none header header-dark-mask nonhundred-percent-fullwidth non-hundred-percent-height-scrolling lazyload\" style=\"--awb-border-radius-top-left:0px;--awb-border-radius-top-right:0px;--awb-border-radius-bottom-right:0px;--awb-border-radius-bottom-left:0px;--awb-min-height:500px;--awb-background-size:cover;--awb-flex-wrap:wrap;\" data-bg=\"https:\/\/sunshinehome.pl\/wp-content\/uploads\/2023\/01\/000-DUN-EXTERIORES-LR-01.jpg\" ><div class=\"fusion-builder-row fusion-row fusion-flex-align-items-center fusion-flex-content-wrap\" style=\"max-width:1216.8px;margin-left: calc(-4% \/ 2 );margin-right: calc(-4% \/ 2 );\"><div class=\"fusion-layout-column fusion_builder_column fusion-builder-column-0 fusion_builder_column_1_1 1_1 fusion-flex-column\" style=\"--awb-bg-size:cover;--awb-width-large:100%;--awb-margin-top-large:0px;--awb-spacing-right-large:1.92%;--awb-margin-bottom-large:20px;--awb-spacing-left-large:1.92%;--awb-width-medium:100%;--awb-order-medium:0;--awb-spacing-right-medium:1.92%;--awb-spacing-left-medium:1.92%;--awb-width-small:100%;--awb-order-small:0;--awb-spacing-right-small:1.92%;--awb-spacing-left-small:1.92%;\"><div class=\"fusion-column-wrapper fusion-column-has-shadow fusion-flex-justify-content-flex-start fusion-content-layout-column\"><div class=\"fusion-text fusion-text-1\"><h2 class=\"fusion-responsive-typography-calculated\" style=\"--fontsize: 48; line-height: 1.33;\" data-fontsize=\"48\" data-lineheight=\"63.84px\"><span style=\"color: #ffffff;\">REMODELACI\u00d3N<\/span><\/h2>\n<h4 class=\"fusion-responsive-typography-calculated\" style=\"--fontsize: 24; line-height: 1.33;\" data-fontsize=\"24\" data-lineheight=\"31.92px\"><span style=\"color: #ffffff;\">Los servicios que brindamos para facilitarle la compra de bienes ra\u00edces<\/span><\/h4>\n<\/div><\/div><\/div><\/div><\/div><div class=\"fusion-fullwidth fullwidth-box fusion-builder-row-2 fusion-flex-container has-pattern-background has-mask-background nonhundred-percent-fullwidth non-hundred-percent-height-scrolling\" style=\"--link_hover_color: #fa9769;--link_color: #fa9769;--awb-border-sizes-top:0px;--awb-border-sizes-bottom:0px;--awb-border-sizes-left:0px;--awb-border-sizes-right:0px;--awb-border-color:#d1d1d1;--awb-border-radius-top-left:0px;--awb-border-radius-top-right:0px;--awb-border-radius-bottom-right:0px;--awb-border-radius-bottom-left:0px;--awb-padding-top:52px;--awb-padding-right:16px;--awb-padding-bottom:80px;--awb-padding-left:30px;--awb-padding-top-small:30px;--awb-margin-top:-50px;--awb-margin-bottom:0px;--awb-background-color:var(--awb-color2);--awb-flex-wrap:wrap;\" ><div class=\"fusion-builder-row fusion-row fusion-flex-align-items-flex-start fusion-flex-align-content-space-between fusion-flex-justify-content-center fusion-flex-content-wrap\" style=\"max-width:1216.8px;margin-left: calc(-4% \/ 2 );margin-right: calc(-4% \/ 2 );\"><div class=\"fusion-layout-column fusion_builder_column fusion-builder-column-1 fusion_builder_column_1_2 1_2 fusion-flex-column fusion-animated\" style=\"--awb-padding-bottom-medium:0px;--awb-bg-size:cover;--awb-width-large:50%;--awb-margin-top-large:0px;--awb-spacing-right-large:3.84%;--awb-margin-bottom-large:0px;--awb-spacing-left-large:3.84%;--awb-width-medium:100%;--awb-order-medium:0;--awb-spacing-right-medium:1.92%;--awb-margin-bottom-medium:60px;--awb-spacing-left-medium:1.92%;--awb-width-small:100%;--awb-order-small:0;--awb-spacing-right-small:1.92%;--awb-spacing-left-small:1.92%;\" data-animationType=\"fadeInUp\" data-animationDuration=\"1.3\" data-animationOffset=\"top-into-view\"><div class=\"fusion-column-wrapper fusion-column-has-shadow fusion-flex-justify-content-flex-start fusion-content-layout-row\"><div class=\"fusion-title title fusion-title-1 fusion-sep-none fusion-title-text fusion-title-size-two\" style=\"--awb-text-color:var(--awb-color8);--awb-margin-top:20px;--awb-margin-bottom:55px;--awb-margin-top-small:10px;--awb-margin-bottom-small:10px;--awb-sep-color:#d1d1d1;--awb-font-size:38px;\"><h2 class=\"fusion-title-heading title-heading-left fusion-responsive-typography-calculated\" style=\"margin:0;letter-spacing:-2px;text-transform:var(--awb-typography1-text-transform);font-size:1em;--fontSize:38;line-height:1.2;\">Zona en construcci\u00f3n<\/h2><\/div><div class=\"fusion-text fusion-text-2 fusion-text-no-margin\" style=\"--awb-font-size:16px;--awb-line-height:1.8;--awb-letter-spacing:0px;--awb-text-transform:var(--awb-typography4-text-transform);--awb-text-color:var(--awb-color8);--awb-margin-top:0px;--awb-margin-bottom:50px;\"><p>Lo que nos distingue es un trato individualizado con el cliente. Si desea construir la casa de sus sue\u00f1os en su propio terreno, le ayudaremos a encontrar un arquitecto y a completar todos los tr\u00e1mites, como el permiso de construcci\u00f3n. Tambi\u00e9n queremos satisfacer las necesidades de los compradores de propiedades que requieren renovaci\u00f3n. Contamos con un equipo de profesionales comprobados y con muchos a\u00f1os de experiencia que organizar\u00e1n r\u00e1pida y eficazmente la renovaci\u00f3n del local, brind\u00e1ndole apoyo en la b\u00fasqueda de una empresa constructora adecuada y luego supervisi\u00f3n directa de los trabajos de renovaci\u00f3n.<\/p>\n<\/div><div ><a class=\"fusion-button button-flat button-large button-custom fusion-button-default button-1 fusion-button-default-span \" style=\"--button_bevel_color:#fa9769;--button_bevel_color_hover:#fa9769;--button_accent_color:#ffffff;--button_border_color:#ffffff;--button_accent_hover_color:#ffffff;--button_border_hover_color:#ffffff;--button_border_width-top:0px;--button_border_width-right:0px;--button_border_width-bottom:0px;--button_border_width-left:0px;--button-border-radius-top-left:5px;--button-border-radius-top-right:5px;--button-border-radius-bottom-right:5px;--button-border-radius-bottom-left:5px;--button_gradient_angle:176deg;--button_gradient_top_color:var(--awb-color5);--button_gradient_bottom_color:var(--awb-color5);--button_gradient_top_color_hover:var(--awb-color5);--button_gradient_bottom_color_hover:var(--awb-color5);--button_text_transform:uppercase;--button_typography-letter-spacing:0px;--button_margin-right:20px;\" target=\"_self\" href=\"https:\/\/sunshinehome.pl\/es\/contacto\/\"><span class=\"fusion-button-text awb-button__text awb-button__text--default\">DESCUBRA M\u00c1S<\/span><\/a><\/div><\/div><\/div><div class=\"fusion-layout-column fusion_builder_column fusion-builder-column-2 fusion_builder_column_1_2 1_2 fusion-flex-column fusion-animated\" style=\"--awb-bg-size:cover;--awb-width-large:50%;--awb-margin-top-large:20px;--awb-spacing-right-large:3.84%;--awb-margin-bottom-large:0px;--awb-spacing-left-large:10.368%;--awb-width-medium:100%;--awb-order-medium:1;--awb-spacing-right-medium:1.92%;--awb-spacing-left-medium:5.184%;--awb-width-small:100%;--awb-order-small:1;--awb-spacing-right-small:1.92%;--awb-spacing-left-small:1.92%;\" data-animationType=\"fadeInRight\" data-animationDuration=\"1.3\" data-animationOffset=\"top-into-view\"><div class=\"fusion-column-wrapper fusion-column-has-shadow fusion-flex-justify-content-flex-start fusion-content-layout-column\"><div class=\"fusion-image-element \" style=\"--awb-aspect-ratio:1 \/ 1;--awb-object-position:82% 50%;--awb-caption-overlay-color:#fa9769;--awb-caption-title-font-family:var(--h2_typography-font-family);--awb-caption-title-font-weight:var(--h2_typography-font-weight);--awb-caption-title-font-style:var(--h2_typography-font-style);--awb-caption-title-size:var(--h2_typography-font-size);--awb-caption-title-transform:var(--h2_typography-text-transform);--awb-caption-title-line-height:var(--h2_typography-line-height);--awb-caption-title-letter-spacing:var(--h2_typography-letter-spacing);\"><span class=\" fusion-imageframe imageframe-none imageframe-1 hover-type-none has-aspect-ratio\"><img decoding=\"async\" width=\"500\" height=\"334\" title=\"remont\" src=\"https:\/\/sunshinehome.pl\/wp-content\/uploads\/2023\/01\/remont.jpg\" data-orig-src=\"https:\/\/sunshinehome.pl\/wp-content\/uploads\/2023\/01\/remont.jpg\" class=\"lazyload img-responsive wp-image-2578 img-with-aspect-ratio\" data-parent-fit=\"cover\" data-parent-container=\".fusion-image-element\" alt srcset=\"data:image\/svg+xml,%3Csvg%20xmlns%3D%27http%3A%2F%2Fwww.w3.org%2F2000%2Fsvg%27%20width%3D%27500%27%20height%3D%27334%27%20viewBox%3D%270%200%20500%20334%27%3E%3Crect%20width%3D%27500%27%20height%3D%27334%27%20fill-opacity%3D%220%22%2F%3E%3C%2Fsvg%3E\" data-srcset=\"https:\/\/sunshinehome.pl\/wp-content\/uploads\/2023\/01\/remont-200x134.jpg 200w, https:\/\/sunshinehome.pl\/wp-content\/uploads\/2023\/01\/remont-400x267.jpg 400w, https:\/\/sunshinehome.pl\/wp-content\/uploads\/2023\/01\/remont.jpg 500w\" data-sizes=\"auto\" data-orig-sizes=\"(max-width: 800px) 100vw, (max-width: 640px) 100vw, 500px\" \/><\/span><\/div><\/div><\/div><\/div><\/div><\/p>\n","protected":false},"excerpt":{"rendered":"","protected":false},"author":1,"featured_media":0,"parent":2469,"menu_order":0,"comment_status":"closed","ping_status":"open","template":"100-width.php","meta":{"footnotes":""},"class_list":["post-2476","page","type-page","status-publish","hentry"],"yoast_head":"<!-- This site is optimized with the Yoast SEO plugin v25.6 - https:\/\/yoast.com\/wordpress\/plugins\/seo\/ -->\n<title>Remodelaci\u00f3n &#8211; Sunshine Home<\/title>\n<meta name=\"robots\" content=\"index, follow, max-snippet:-1, max-image-preview:large, max-video-preview:-1\" \/>\n<link rel=\"canonical\" href=\"https:\/\/sunshinehome.pl\/es\/servicios\/remodelacion\/\" \/>\n<meta property=\"og:locale\" content=\"es_ES\" \/>\n<meta property=\"og:type\" content=\"article\" \/>\n<meta property=\"og:title\" content=\"Remodelaci\u00f3n &#8211; Sunshine Home\" \/>\n<meta property=\"og:url\" content=\"https:\/\/sunshinehome.pl\/es\/servicios\/remodelacion\/\" \/>\n<meta property=\"og:site_name\" content=\"Sunshine Home\" \/>\n<meta property=\"article:publisher\" content=\"https:\/\/www.facebook.com\/SunshineHomeMarbella\" \/>\n<meta property=\"article:modified_time\" content=\"2023-11-09T10:17:25+00:00\" \/>\n<meta name=\"twitter:card\" content=\"summary_large_image\" \/>\n<meta name=\"twitter:label1\" content=\"Tiempo de lectura\" \/>\n\t<meta name=\"twitter:data1\" content=\"5 minutos\" \/>\n<script type=\"application\/ld+json\" class=\"yoast-schema-graph\">{\"@context\":\"https:\/\/schema.org\",\"@graph\":[{\"@type\":\"WebPage\",\"@id\":\"https:\/\/sunshinehome.pl\/es\/servicios\/remodelacion\/\",\"url\":\"https:\/\/sunshinehome.pl\/es\/servicios\/remodelacion\/\",\"name\":\"Remodelaci\u00f3n &#8211; Sunshine Home\",\"isPartOf\":{\"@id\":\"https:\/\/sunshinehome.pl\/es\/#website\"},\"datePublished\":\"2022-10-25T14:25:19+00:00\",\"dateModified\":\"2023-11-09T10:17:25+00:00\",\"breadcrumb\":{\"@id\":\"https:\/\/sunshinehome.pl\/es\/servicios\/remodelacion\/#breadcrumb\"},\"inLanguage\":\"es\",\"potentialAction\":[{\"@type\":\"ReadAction\",\"target\":[\"https:\/\/sunshinehome.pl\/es\/servicios\/remodelacion\/\"]}]},{\"@type\":\"BreadcrumbList\",\"@id\":\"https:\/\/sunshinehome.pl\/es\/servicios\/remodelacion\/#breadcrumb\",\"itemListElement\":[{\"@type\":\"ListItem\",\"position\":1,\"name\":\"Strona g\u0142\u00f3wna\",\"item\":\"https:\/\/sunshinehome.pl\/es\/\"},{\"@type\":\"ListItem\",\"position\":2,\"name\":\"Servicios\",\"item\":\"https:\/\/sunshinehome.pl\/es\/servicios\/\"},{\"@type\":\"ListItem\",\"position\":3,\"name\":\"Remodelaci\u00f3n\"}]},{\"@type\":\"WebSite\",\"@id\":\"https:\/\/sunshinehome.pl\/es\/#website\",\"url\":\"https:\/\/sunshinehome.pl\/es\/\",\"name\":\"Sunshine Home\",\"description\":\"Spanish real estate directory\",\"publisher\":{\"@id\":\"https:\/\/sunshinehome.pl\/es\/#organization\"},\"potentialAction\":[{\"@type\":\"SearchAction\",\"target\":{\"@type\":\"EntryPoint\",\"urlTemplate\":\"https:\/\/sunshinehome.pl\/es\/?s={search_term_string}\"},\"query-input\":{\"@type\":\"PropertyValueSpecification\",\"valueRequired\":true,\"valueName\":\"search_term_string\"}}],\"inLanguage\":\"es\"},{\"@type\":\"Organization\",\"@id\":\"https:\/\/sunshinehome.pl\/es\/#organization\",\"name\":\"Sunshine Home\",\"url\":\"https:\/\/sunshinehome.pl\/es\/\",\"logo\":{\"@type\":\"ImageObject\",\"inLanguage\":\"es\",\"@id\":\"https:\/\/sunshinehome.pl\/es\/#\/schema\/logo\/image\/\",\"url\":\"https:\/\/sunshinehome.pl\/wp-content\/uploads\/2022\/12\/sunshinehome-logo-rgb-ciemne-pionowe.png\",\"contentUrl\":\"https:\/\/sunshinehome.pl\/wp-content\/uploads\/2022\/12\/sunshinehome-logo-rgb-ciemne-pionowe.png\",\"width\":2000,\"height\":1292,\"caption\":\"Sunshine Home\"},\"image\":{\"@id\":\"https:\/\/sunshinehome.pl\/es\/#\/schema\/logo\/image\/\"},\"sameAs\":[\"https:\/\/www.facebook.com\/SunshineHomeMarbella\"]}]}<\/script>\n<!-- \/ Yoast SEO plugin. -->","yoast_head_json":{"title":"Remodelaci\u00f3n &#8211; Sunshine Home","robots":{"index":"index","follow":"follow","max-snippet":"max-snippet:-1","max-image-preview":"max-image-preview:large","max-video-preview":"max-video-preview:-1"},"canonical":"https:\/\/sunshinehome.pl\/es\/servicios\/remodelacion\/","og_locale":"es_ES","og_type":"article","og_title":"Remodelaci\u00f3n &#8211; Sunshine Home","og_url":"https:\/\/sunshinehome.pl\/es\/servicios\/remodelacion\/","og_site_name":"Sunshine Home","article_publisher":"https:\/\/www.facebook.com\/SunshineHomeMarbella","article_modified_time":"2023-11-09T10:17:25+00:00","twitter_card":"summary_large_image","twitter_misc":{"Tiempo de lectura":"5 minutos"},"schema":{"@context":"https:\/\/schema.org","@graph":[{"@type":"WebPage","@id":"https:\/\/sunshinehome.pl\/es\/servicios\/remodelacion\/","url":"https:\/\/sunshinehome.pl\/es\/servicios\/remodelacion\/","name":"Remodelaci\u00f3n &#8211; Sunshine Home","isPartOf":{"@id":"https:\/\/sunshinehome.pl\/es\/#website"},"datePublished":"2022-10-25T14:25:19+00:00","dateModified":"2023-11-09T10:17:25+00:00","breadcrumb":{"@id":"https:\/\/sunshinehome.pl\/es\/servicios\/remodelacion\/#breadcrumb"},"inLanguage":"es","potentialAction":[{"@type":"ReadAction","target":["https:\/\/sunshinehome.pl\/es\/servicios\/remodelacion\/"]}]},{"@type":"BreadcrumbList","@id":"https:\/\/sunshinehome.pl\/es\/servicios\/remodelacion\/#breadcrumb","itemListElement":[{"@type":"ListItem","position":1,"name":"Strona g\u0142\u00f3wna","item":"https:\/\/sunshinehome.pl\/es\/"},{"@type":"ListItem","position":2,"name":"Servicios","item":"https:\/\/sunshinehome.pl\/es\/servicios\/"},{"@type":"ListItem","position":3,"name":"Remodelaci\u00f3n"}]},{"@type":"WebSite","@id":"https:\/\/sunshinehome.pl\/es\/#website","url":"https:\/\/sunshinehome.pl\/es\/","name":"Sunshine Home","description":"Spanish real estate directory","publisher":{"@id":"https:\/\/sunshinehome.pl\/es\/#organization"},"potentialAction":[{"@type":"SearchAction","target":{"@type":"EntryPoint","urlTemplate":"https:\/\/sunshinehome.pl\/es\/?s={search_term_string}"},"query-input":{"@type":"PropertyValueSpecification","valueRequired":true,"valueName":"search_term_string"}}],"inLanguage":"es"},{"@type":"Organization","@id":"https:\/\/sunshinehome.pl\/es\/#organization","name":"Sunshine Home","url":"https:\/\/sunshinehome.pl\/es\/","logo":{"@type":"ImageObject","inLanguage":"es","@id":"https:\/\/sunshinehome.pl\/es\/#\/schema\/logo\/image\/","url":"https:\/\/sunshinehome.pl\/wp-content\/uploads\/2022\/12\/sunshinehome-logo-rgb-ciemne-pionowe.png","contentUrl":"https:\/\/sunshinehome.pl\/wp-content\/uploads\/2022\/12\/sunshinehome-logo-rgb-ciemne-pionowe.png","width":2000,"height":1292,"caption":"Sunshine Home"},"image":{"@id":"https:\/\/sunshinehome.pl\/es\/#\/schema\/logo\/image\/"},"sameAs":["https:\/\/www.facebook.com\/SunshineHomeMarbella"]}]}},"_links":{"self":[{"href":"https:\/\/sunshinehome.pl\/es\/wp-json\/wp\/v2\/pages\/2476","targetHints":{"allow":["GET"]}}],"collection":[{"href":"https:\/\/sunshinehome.pl\/es\/wp-json\/wp\/v2\/pages"}],"about":[{"href":"https:\/\/sunshinehome.pl\/es\/wp-json\/wp\/v2\/types\/page"}],"author":[{"embeddable":true,"href":"https:\/\/sunshinehome.pl\/es\/wp-json\/wp\/v2\/users\/1"}],"replies":[{"embeddable":true,"href":"https:\/\/sunshinehome.pl\/es\/wp-json\/wp\/v2\/comments?post=2476"}],"version-history":[{"count":0,"href":"https:\/\/sunshinehome.pl\/es\/wp-json\/wp\/v2\/pages\/2476\/revisions"}],"up":[{"embeddable":true,"href":"https:\/\/sunshinehome.pl\/es\/wp-json\/wp\/v2\/pages\/2469"}],"wp:attachment":[{"href":"https:\/\/sunshinehome.pl\/es\/wp-json\/wp\/v2\/media?parent=2476"}],"curies":[{"name":"wp","href":"https:\/\/api.w.org\/{rel}","templated":true}]}}