{"id":2879,"date":"2022-08-02T17:06:12","date_gmt":"2022-08-02T17:06:12","guid":{"rendered":"https:\/\/sunshinehome.es\/polityka-prywatnosci\/"},"modified":"2023-10-16T01:09:49","modified_gmt":"2023-10-16T01:09:49","slug":"politica-de-privacidad","status":"publish","type":"page","link":"https:\/\/sunshinehome.pl\/es\/politica-de-privacidad\/","title":{"rendered":"POL\u00cdTICA DE PRIVACIDAD"},"content":{"rendered":"\r\n<h3 class=\"wp-block-heading\"><strong>POL\u00cdTICA DE PRIVACIDAD<\/strong><\/h3>\r\n<p>&nbsp;<\/p>\r\n<p><strong>INFORMACI\u00d3N PRELIMINAR<\/strong><\/p>\r\n<p>La protecci\u00f3n de datos personales es especialmente importante para nosotros. Respetando el derecho a la privacidad de los Usuarios de nuestro sitio web, nos aseguramos de procesar sus datos personales y garantizar su seguridad de conformidad con las disposiciones de la ley, incluidas las disposiciones del Reglamento General de Protecci\u00f3n de Datos (GDPR).<\/p>\r\n<p>A continuaci\u00f3n encontrar\u00e1 informaci\u00f3n importante sobre en qu\u00e9 situaciones y c\u00f3mo se pueden obtener sus datos personales y c\u00f3mo se recopilan, procesan y utilizan estos datos.<\/p>\r\n<p>Lea atentamente la Pol\u00edtica de Privacidad antes de utilizar nuestro sitio web y antes de compartir sus datos. Si no da su consentimiento para la recopilaci\u00f3n, uso y divulgaci\u00f3n de sus datos personales de la manera indicada en esta Pol\u00edtica, abstenerse de utilizar el sitio web.<\/p>\r\n<p>&nbsp;<\/p>\r\n<p><strong>ADMINISTRADOR DE DATOS PERSONALES<\/strong><\/p>\r\n<p>El responsable del tratamiento de sus datos personales es Breizhad &amp;amp; Sons Sociedad Limitada, registrada y operando bajo las leyes del Reino de Espa\u00f1a, con domicilio social y direcci\u00f3n Av. Estocolmo 702, 29604 Marbella, Espa\u00f1a, inscrita en el Registro Mercantil de la Provincia de M\u00e1laga con el n\u00famero NIF (CIF) B06896807.<\/p>\r\n<p>Puede contactar con el Administrador de Datos Personales:<\/p>\r\n<ul>\r\n<li>por tel\u00e9fono en los siguientes n\u00fameros de tel\u00e9fono: +48 697 082 325 \/ +34 683 559 668,<\/li>\r\n<li>por correo electr\u00f3nico a: hallo@sunshinehome.pl,<\/li>\r\n<li>a trav\u00e9s del formulario de contacto disponible en nuestra p\u00e1gina web https:\/\/sunshinehome.pl\/#\/.<\/li>\r\n<\/ul>\r\n<p>El Administrador de Datos Personales ha designado un Inspector de Datos Personales. Puedes contactar con \u00e9l en: hallo@sunshinehome.pl y por tel\u00e9fono en el 697 082 325.<\/p>\r\n<p>&nbsp;<\/p>\r\n<p><strong>RECOPILACI\u00d3N DE DATOS PERSONALES<\/strong><\/p>\r\n<p>El principio b\u00e1sico aplicado por el Administrador es el cumplimiento de las disposiciones legales en materia de privacidad y protecci\u00f3n de datos personales. El Administrador act\u00faa para respetar el derecho de cada persona a proteger su privacidad. Todos los datos personales obtenidos a trav\u00e9s de nuestro sitio web SUNSHINE HOME se recogen y almacenan de conformidad con lo dispuesto en el Reglamento (UE) 2016\/679 del Parlamento Europeo y del Consejo, de 27 de abril de 2016, relativo a la protecci\u00f3n de las personas f\u00edsicas en lo que respecta al tratamiento de datos personales y sobre la libertad del flujo de dichos datos y por la que se deroga la Directiva 95\/46\/CE Reglamento general de protecci\u00f3n de datos (GDPR), la Ley del 10 de mayo de 2018 sobre la protecci\u00f3n de datos personales y la Ley del 18 de julio de 2002 sobre la prestaci\u00f3n de servicios electr\u00f3nicos.<\/p>\r\n<p>Los datos personales que procesamos son toda la informaci\u00f3n sobre una persona f\u00edsica identificada o identificable, es decir, aquella que puede ser identificada, directa o indirectamente, en particular sobre la base de un identificador como: nombre y apellido, n\u00famero de identificaci\u00f3n, direcci\u00f3n residencial, direcci\u00f3n registrada. , direcci\u00f3n de correo electr\u00f3nico, n\u00famero de tel\u00e9fono, datos de ubicaci\u00f3n, identificador en l\u00ednea o uno o m\u00e1s factores espec\u00edficos de la identidad f\u00edsica, fisiol\u00f3gica, gen\u00e9tica, mental, econ\u00f3mica, cultural o social de una persona f\u00edsica.<\/p>\r\n<p>Recopilamos datos personales cuando utiliza nuestro sitio web y las funcionalidades contenidas en el mismo. Recopilamos estos datos directamente de usted cuando ingresa datos en el formulario de contacto, cuando nos env\u00eda una consulta sobre una oferta, cuando se suscribe al bolet\u00edn informativo y en otros casos indicados en el sitio web. Independientemente de esto, tambi\u00e9n puede proporcionarnos otros datos distintos a los que resultan de la funcionalidad de nuestro sitio web, por ejemplo cuando se pone en contacto con nosotros directamente.<\/p>\r\n<p>Durante su visita a nuestro sitio web, ciertos datos se recopilan autom\u00e1ticamente. Esto se aplica a datos como la direcci\u00f3n IP y los datos obtenidos mediante identificadores de cookies y tecnolog\u00edas similares. Los datos recopilados autom\u00e1ticamente se utilizar\u00e1n principalmente para transmitir mensajes en nuestro sitio web, as\u00ed como para proporcionar los servicios que usted solicite. Tambi\u00e9n utilizamos datos recopilados autom\u00e1ticamente para personalizar el contenido y los anuncios de los productos y servicios que ofrecemos, dentro y fuera de nuestros sitios web, sobre la base del remarketing. Los datos recopilados autom\u00e1ticamente tambi\u00e9n se utilizar\u00e1n para estudiar el tr\u00e1fico en nuestro sitio web, estudiar su popularidad, as\u00ed como para investigaciones estad\u00edsticas y medir la eficacia de la publicidad.<\/p>\r\n<p>En cada caso, nos aseguramos de que usted proporcione s\u00f3lo los datos necesarios para lograr los fines para los cuales fueron proporcionados.<\/p>\r\n<p>Debido a la normativa legal aplicable, tenga especial cuidado al facilitarnos datos personales de terceros. En tales casos, actuaremos con total confianza y asumiremos que cuenta con el consentimiento adecuado de la persona cuyos datos nos ser\u00e1n revelados.<\/p>\r\n","protected":false},"excerpt":{"rendered":"<p>POL\u00cdTICA DE PRIVACIDAD &nbsp; INFORMACI\u00d3N PRELIMINAR La protecci\u00f3n de datos personales es especialmente importante para nosotros. Respetando el derecho a la privacidad de los Usuarios de nuestro sitio web, nos aseguramos de procesar sus datos personales y garantizar su seguridad de conformidad con las disposiciones de la ley, incluidas las disposiciones del Reglamento General de  [&#8230;]<\/p>\n","protected":false},"author":1,"featured_media":0,"parent":0,"menu_order":0,"comment_status":"closed","ping_status":"open","template":"","meta":{"footnotes":""},"class_list":["post-2879","page","type-page","status-publish","hentry"],"yoast_head":"<!-- This site is optimized with the Yoast SEO plugin v25.6 - https:\/\/yoast.com\/wordpress\/plugins\/seo\/ -->\n<title>POL\u00cdTICA DE PRIVACIDAD &#8211; Sunshine Home<\/title>\n<meta name=\"robots\" content=\"index, follow, max-snippet:-1, max-image-preview:large, max-video-preview:-1\" \/>\n<link rel=\"canonical\" href=\"https:\/\/sunshinehome.pl\/es\/politica-de-privacidad\/\" \/>\n<meta property=\"og:locale\" content=\"es_ES\" \/>\n<meta property=\"og:type\" content=\"article\" \/>\n<meta property=\"og:title\" content=\"POL\u00cdTICA DE PRIVACIDAD &#8211; Sunshine Home\" \/>\n<meta property=\"og:description\" content=\"POL\u00cdTICA DE PRIVACIDAD &nbsp; INFORMACI\u00d3N PRELIMINAR La protecci\u00f3n de datos personales es especialmente importante para nosotros. Respetando el derecho a la privacidad de los Usuarios de nuestro sitio web, nos aseguramos de procesar sus datos personales y garantizar su seguridad de conformidad con las disposiciones de la ley, incluidas las disposiciones del Reglamento General de [...]\" \/>\n<meta property=\"og:url\" content=\"https:\/\/sunshinehome.pl\/es\/politica-de-privacidad\/\" \/>\n<meta property=\"og:site_name\" content=\"Sunshine Home\" \/>\n<meta property=\"article:publisher\" content=\"https:\/\/www.facebook.com\/SunshineHomeMarbella\" \/>\n<meta property=\"article:modified_time\" content=\"2023-10-16T01:09:49+00:00\" \/>\n<meta name=\"twitter:card\" content=\"summary_large_image\" \/>\n<meta name=\"twitter:label1\" content=\"Tiempo de lectura\" \/>\n\t<meta name=\"twitter:data1\" content=\"5 minutos\" \/>\n<script type=\"application\/ld+json\" class=\"yoast-schema-graph\">{\"@context\":\"https:\/\/schema.org\",\"@graph\":[{\"@type\":\"WebPage\",\"@id\":\"https:\/\/sunshinehome.pl\/es\/politica-de-privacidad\/\",\"url\":\"https:\/\/sunshinehome.pl\/es\/politica-de-privacidad\/\",\"name\":\"POL\u00cdTICA DE PRIVACIDAD &#8211; Sunshine Home\",\"isPartOf\":{\"@id\":\"https:\/\/sunshinehome.pl\/es\/#website\"},\"datePublished\":\"2022-08-02T17:06:12+00:00\",\"dateModified\":\"2023-10-16T01:09:49+00:00\",\"breadcrumb\":{\"@id\":\"https:\/\/sunshinehome.pl\/es\/politica-de-privacidad\/#breadcrumb\"},\"inLanguage\":\"es\",\"potentialAction\":[{\"@type\":\"ReadAction\",\"target\":[\"https:\/\/sunshinehome.pl\/es\/politica-de-privacidad\/\"]}]},{\"@type\":\"BreadcrumbList\",\"@id\":\"https:\/\/sunshinehome.pl\/es\/politica-de-privacidad\/#breadcrumb\",\"itemListElement\":[{\"@type\":\"ListItem\",\"position\":1,\"name\":\"Strona g\u0142\u00f3wna\",\"item\":\"https:\/\/sunshinehome.pl\/es\/\"},{\"@type\":\"ListItem\",\"position\":2,\"name\":\"POL\u00cdTICA DE PRIVACIDAD\"}]},{\"@type\":\"WebSite\",\"@id\":\"https:\/\/sunshinehome.pl\/es\/#website\",\"url\":\"https:\/\/sunshinehome.pl\/es\/\",\"name\":\"Sunshine Home\",\"description\":\"Spanish real estate directory\",\"publisher\":{\"@id\":\"https:\/\/sunshinehome.pl\/es\/#organization\"},\"potentialAction\":[{\"@type\":\"SearchAction\",\"target\":{\"@type\":\"EntryPoint\",\"urlTemplate\":\"https:\/\/sunshinehome.pl\/es\/?s={search_term_string}\"},\"query-input\":{\"@type\":\"PropertyValueSpecification\",\"valueRequired\":true,\"valueName\":\"search_term_string\"}}],\"inLanguage\":\"es\"},{\"@type\":\"Organization\",\"@id\":\"https:\/\/sunshinehome.pl\/es\/#organization\",\"name\":\"Sunshine Home\",\"url\":\"https:\/\/sunshinehome.pl\/es\/\",\"logo\":{\"@type\":\"ImageObject\",\"inLanguage\":\"es\",\"@id\":\"https:\/\/sunshinehome.pl\/es\/#\/schema\/logo\/image\/\",\"url\":\"https:\/\/sunshinehome.pl\/wp-content\/uploads\/2022\/12\/sunshinehome-logo-rgb-ciemne-pionowe.png\",\"contentUrl\":\"https:\/\/sunshinehome.pl\/wp-content\/uploads\/2022\/12\/sunshinehome-logo-rgb-ciemne-pionowe.png\",\"width\":2000,\"height\":1292,\"caption\":\"Sunshine Home\"},\"image\":{\"@id\":\"https:\/\/sunshinehome.pl\/es\/#\/schema\/logo\/image\/\"},\"sameAs\":[\"https:\/\/www.facebook.com\/SunshineHomeMarbella\"]}]}<\/script>\n<!-- \/ Yoast SEO plugin. -->","yoast_head_json":{"title":"POL\u00cdTICA DE PRIVACIDAD &#8211; Sunshine Home","robots":{"index":"index","follow":"follow","max-snippet":"max-snippet:-1","max-image-preview":"max-image-preview:large","max-video-preview":"max-video-preview:-1"},"canonical":"https:\/\/sunshinehome.pl\/es\/politica-de-privacidad\/","og_locale":"es_ES","og_type":"article","og_title":"POL\u00cdTICA DE PRIVACIDAD &#8211; Sunshine Home","og_description":"POL\u00cdTICA DE PRIVACIDAD &nbsp; INFORMACI\u00d3N PRELIMINAR La protecci\u00f3n de datos personales es especialmente importante para nosotros. Respetando el derecho a la privacidad de los Usuarios de nuestro sitio web, nos aseguramos de procesar sus datos personales y garantizar su seguridad de conformidad con las disposiciones de la ley, incluidas las disposiciones del Reglamento General de [...]","og_url":"https:\/\/sunshinehome.pl\/es\/politica-de-privacidad\/","og_site_name":"Sunshine Home","article_publisher":"https:\/\/www.facebook.com\/SunshineHomeMarbella","article_modified_time":"2023-10-16T01:09:49+00:00","twitter_card":"summary_large_image","twitter_misc":{"Tiempo de lectura":"5 minutos"},"schema":{"@context":"https:\/\/schema.org","@graph":[{"@type":"WebPage","@id":"https:\/\/sunshinehome.pl\/es\/politica-de-privacidad\/","url":"https:\/\/sunshinehome.pl\/es\/politica-de-privacidad\/","name":"POL\u00cdTICA DE PRIVACIDAD &#8211; Sunshine Home","isPartOf":{"@id":"https:\/\/sunshinehome.pl\/es\/#website"},"datePublished":"2022-08-02T17:06:12+00:00","dateModified":"2023-10-16T01:09:49+00:00","breadcrumb":{"@id":"https:\/\/sunshinehome.pl\/es\/politica-de-privacidad\/#breadcrumb"},"inLanguage":"es","potentialAction":[{"@type":"ReadAction","target":["https:\/\/sunshinehome.pl\/es\/politica-de-privacidad\/"]}]},{"@type":"BreadcrumbList","@id":"https:\/\/sunshinehome.pl\/es\/politica-de-privacidad\/#breadcrumb","itemListElement":[{"@type":"ListItem","position":1,"name":"Strona g\u0142\u00f3wna","item":"https:\/\/sunshinehome.pl\/es\/"},{"@type":"ListItem","position":2,"name":"POL\u00cdTICA DE PRIVACIDAD"}]},{"@type":"WebSite","@id":"https:\/\/sunshinehome.pl\/es\/#website","url":"https:\/\/sunshinehome.pl\/es\/","name":"Sunshine Home","description":"Spanish real estate directory","publisher":{"@id":"https:\/\/sunshinehome.pl\/es\/#organization"},"potentialAction":[{"@type":"SearchAction","target":{"@type":"EntryPoint","urlTemplate":"https:\/\/sunshinehome.pl\/es\/?s={search_term_string}"},"query-input":{"@type":"PropertyValueSpecification","valueRequired":true,"valueName":"search_term_string"}}],"inLanguage":"es"},{"@type":"Organization","@id":"https:\/\/sunshinehome.pl\/es\/#organization","name":"Sunshine Home","url":"https:\/\/sunshinehome.pl\/es\/","logo":{"@type":"ImageObject","inLanguage":"es","@id":"https:\/\/sunshinehome.pl\/es\/#\/schema\/logo\/image\/","url":"https:\/\/sunshinehome.pl\/wp-content\/uploads\/2022\/12\/sunshinehome-logo-rgb-ciemne-pionowe.png","contentUrl":"https:\/\/sunshinehome.pl\/wp-content\/uploads\/2022\/12\/sunshinehome-logo-rgb-ciemne-pionowe.png","width":2000,"height":1292,"caption":"Sunshine Home"},"image":{"@id":"https:\/\/sunshinehome.pl\/es\/#\/schema\/logo\/image\/"},"sameAs":["https:\/\/www.facebook.com\/SunshineHomeMarbella"]}]}},"_links":{"self":[{"href":"https:\/\/sunshinehome.pl\/es\/wp-json\/wp\/v2\/pages\/2879","targetHints":{"allow":["GET"]}}],"collection":[{"href":"https:\/\/sunshinehome.pl\/es\/wp-json\/wp\/v2\/pages"}],"about":[{"href":"https:\/\/sunshinehome.pl\/es\/wp-json\/wp\/v2\/types\/page"}],"author":[{"embeddable":true,"href":"https:\/\/sunshinehome.pl\/es\/wp-json\/wp\/v2\/users\/1"}],"replies":[{"embeddable":true,"href":"https:\/\/sunshinehome.pl\/es\/wp-json\/wp\/v2\/comments?post=2879"}],"version-history":[{"count":0,"href":"https:\/\/sunshinehome.pl\/es\/wp-json\/wp\/v2\/pages\/2879\/revisions"}],"wp:attachment":[{"href":"https:\/\/sunshinehome.pl\/es\/wp-json\/wp\/v2\/media?parent=2879"}],"curies":[{"name":"wp","href":"https:\/\/api.w.org\/{rel}","templated":true}]}}